{"id":968,"date":"2021-05-04T15:19:52","date_gmt":"2021-05-04T14:19:52","guid":{"rendered":"https:\/\/educane.it\/?page_id=968"},"modified":"2021-05-20T10:30:34","modified_gmt":"2021-05-20T09:30:34","slug":"servizi","status":"publish","type":"page","link":"https:\/\/educane.it\/?page_id=968","title":{"rendered":"Servizi"},"content":{"rendered":"<div class=\"gb-container gb-container-a5cfdb6f\"><div class=\"gb-inside-container\">\n<div class=\"gb-grid-wrapper gb-grid-wrapper-78d60d15\">\n<div class=\"gb-grid-column gb-grid-column-0ea8e7c4\"><div class=\"gb-container gb-container-0ea8e7c4\"><div class=\"gb-inside-container\">\n\n<figure class=\"wp-block-image size-large\"><img loading=\"lazy\" width=\"900\" height=\"675\" src=\"https:\/\/educane.it\/wp-content\/uploads\/2021\/05\/asilo.png\" alt=\"\" class=\"wp-image-1031\" srcset=\"https:\/\/educane.it\/wp-content\/uploads\/2021\/05\/asilo.png 900w, https:\/\/educane.it\/wp-content\/uploads\/2021\/05\/asilo-300x225.png 300w, https:\/\/educane.it\/wp-content\/uploads\/2021\/05\/asilo-768x576.png 768w\" sizes=\"(max-width: 900px) 100vw, 900px\" \/><\/figure>\n\n<\/div><\/div><\/div>\n\n<div class=\"gb-grid-column gb-grid-column-6ddbdb3d\"><div class=\"gb-container gb-container-6ddbdb3d\"><div class=\"gb-inside-container\">\n\n<h2 class=\"gb-headline gb-headline-57629c66 gb-headline-text\">Socializzazione-Asilo diurno<\/h2>\n\n\n\n<p class=\"gb-headline gb-headline-0c4d326b gb-headline-text\">L\u2019asilo diurno per cani \u00e8 un luogo dove i cani possono giocare in sicurezza, socializzare nel modo corretto con l\u2019aiuto di professionisti in grado di valutare e leggerne le caratteristiche, apprendere esercizi e giochi, avere momenti di relax in una struttura sicura e sotto la costante supervisione di educatori cinofili qualificati.<\/p>\n\n\n<div class=\"gb-button-wrapper gb-button-wrapper-ba95390b\"><\/div>\n<\/div><\/div><\/div>\n<\/div>\n<\/div><\/div>\n\n<div class=\"gb-container gb-container-ae15dc23\"><div class=\"gb-inside-container\">\n<div class=\"gb-grid-wrapper gb-grid-wrapper-ef96e389\">\n<div class=\"gb-grid-column gb-grid-column-0056d69c\"><div class=\"gb-container gb-container-0056d69c\"><div class=\"gb-inside-container\">\n\n<h2 class=\"gb-headline gb-headline-907ab1ca gb-headline-text\">Lezioni a domicilio<\/h2>\n\n\n\n<p class=\"gb-headline gb-headline-f04176f7 gb-headline-text\">La lezione a domicilio rappresenta un\u2019utile strumento per la risoluzione di problematiche relative alla gestione del cane all\u2019interno delle mura domestiche, di supporto per le uscite, le passeggiate al parco e\/o in contesti urbani. Durante il lavoro a domicilio si analizzano le difficolt\u00e0 e si cercano soluzioni idonee per migliorare la convivenza. Spesso il lavoro in campo \u00e8 propedeutico al lavoro domiciliare, in ogni caso entrambi sono finalizzati ad offrire alle famiglie tutti gli strumenti necessari per comprendere il proprio cane nei vari contesti di vita quotidiana.<\/p>\n\n\n<div class=\"gb-button-wrapper gb-button-wrapper-60398d9a\"><\/div>\n<\/div><\/div><\/div>\n\n<div class=\"gb-grid-column gb-grid-column-8158627f\"><div class=\"gb-container gb-container-8158627f\"><div class=\"gb-inside-container\">\n\n<figure class=\"wp-block-image size-large\"><img loading=\"lazy\" width=\"900\" height=\"675\" src=\"https:\/\/educane.it\/wp-content\/uploads\/2021\/05\/lezione-domicilio.png\" alt=\"\" class=\"wp-image-1033\" srcset=\"https:\/\/educane.it\/wp-content\/uploads\/2021\/05\/lezione-domicilio.png 900w, https:\/\/educane.it\/wp-content\/uploads\/2021\/05\/lezione-domicilio-300x225.png 300w, https:\/\/educane.it\/wp-content\/uploads\/2021\/05\/lezione-domicilio-768x576.png 768w\" sizes=\"(max-width: 900px) 100vw, 900px\" \/><\/figure>\n\n<\/div><\/div><\/div>\n<\/div>\n<\/div><\/div>\n\n<div class=\"gb-container gb-container-80bf6759\"><div class=\"gb-inside-container\">\n<div class=\"gb-grid-wrapper gb-grid-wrapper-fe2711e5\">\n<div class=\"gb-grid-column gb-grid-column-cb1aecb7\"><div class=\"gb-container gb-container-cb1aecb7\"><div class=\"gb-inside-container\">\n\n<figure class=\"wp-block-image size-large\"><img loading=\"lazy\" width=\"900\" height=\"675\" src=\"https:\/\/educane.it\/wp-content\/uploads\/2021\/05\/sgambamento.png\" alt=\"\" class=\"wp-image-1034\" srcset=\"https:\/\/educane.it\/wp-content\/uploads\/2021\/05\/sgambamento.png 900w, https:\/\/educane.it\/wp-content\/uploads\/2021\/05\/sgambamento-300x225.png 300w, https:\/\/educane.it\/wp-content\/uploads\/2021\/05\/sgambamento-768x576.png 768w\" sizes=\"(max-width: 900px) 100vw, 900px\" \/><\/figure>\n\n<\/div><\/div><\/div>\n\n<div class=\"gb-grid-column gb-grid-column-eaaf3b53\"><div class=\"gb-container gb-container-eaaf3b53\"><div class=\"gb-inside-container\">\n\n<h2 class=\"gb-headline gb-headline-f5b32d7c gb-headline-text\">Area sgambamento<\/h2>\n\n\n\n<p class=\"gb-headline gb-headline-b0f9586b gb-headline-text\">E\u2019 possibile prenotare ed usufruire di uno spazio recintato ad uso personale per allenamenti individuali o per far sgambare il proprio cane.<\/p>\n\n\n<div class=\"gb-button-wrapper gb-button-wrapper-5a3c9bc5\"><\/div>\n<\/div><\/div><\/div>\n<\/div>\n<\/div><\/div>\n\n<div class=\"gb-container gb-container-253282dd\"><div class=\"gb-inside-container\">\n<div class=\"gb-grid-wrapper gb-grid-wrapper-472f8988\">\n<div class=\"gb-grid-column gb-grid-column-b9db58d5\"><div class=\"gb-container gb-container-b9db58d5\"><div class=\"gb-inside-container\">\n\n<h2 class=\"gb-headline gb-headline-23daeba9 gb-headline-text\">Consulenza alimentare<\/h2>\n\n\n\n<p class=\"gb-headline gb-headline-6aa4ffda gb-headline-text\">L\u2019alimentazione \u00e8 un argomento delicato e finalmente all&#8217;attenzione di molti, negli ultimi anni infatti la sensibilit\u00e0 \u00e8 cambiata e anche per i nostri animali si sta tornando fortunatamente ad un&#8217;alimentazione pi\u00f9 sana e naturale. Per questo motivo \u00e8 possibile ricevere una consulenza alimentare gratuita personalizzata compilando il seguente form.<\/p>\n\n\n<div class=\"gb-button-wrapper gb-button-wrapper-a6df08ca\">\n\n<a class=\"gb-button gb-button-4fc212ff gb-button-text\" href=\"https:\/\/www.educane.store\/consulenza-alimentare\/\" target=\"_blank\" rel=\"noopener noreferrer\">Dettagli<\/a>\n\n<\/div>\n<\/div><\/div><\/div>\n\n<div class=\"gb-grid-column gb-grid-column-bfa87af4\"><div class=\"gb-container gb-container-bfa87af4\"><div class=\"gb-inside-container\">\n\n<figure class=\"wp-block-image size-large\"><img loading=\"lazy\" width=\"683\" height=\"1024\" src=\"https:\/\/educane.it\/wp-content\/uploads\/2021\/05\/consulenza-alimentare-683x1024.png\" alt=\"\" class=\"wp-image-1032\" srcset=\"https:\/\/educane.it\/wp-content\/uploads\/2021\/05\/consulenza-alimentare-683x1024.png 683w, https:\/\/educane.it\/wp-content\/uploads\/2021\/05\/consulenza-alimentare-200x300.png 200w, https:\/\/educane.it\/wp-content\/uploads\/2021\/05\/consulenza-alimentare-768x1151.png 768w, https:\/\/educane.it\/wp-content\/uploads\/2021\/05\/consulenza-alimentare.png 900w\" sizes=\"(max-width: 683px) 100vw, 683px\" \/><\/figure>\n\n<\/div><\/div><\/div>\n<\/div>\n<\/div><\/div>\n\n\n<p><\/p>\n","protected":false},"excerpt":{"rendered":"","protected":false},"author":1,"featured_media":0,"parent":0,"menu_order":0,"comment_status":"closed","ping_status":"closed","template":"","meta":{"_generate-full-width-content":"true"},"_links":{"self":[{"href":"https:\/\/educane.it\/index.php?rest_route=\/wp\/v2\/pages\/968"}],"collection":[{"href":"https:\/\/educane.it\/index.php?rest_route=\/wp\/v2\/pages"}],"about":[{"href":"https:\/\/educane.it\/index.php?rest_route=\/wp\/v2\/types\/page"}],"author":[{"embeddable":true,"href":"https:\/\/educane.it\/index.php?rest_route=\/wp\/v2\/users\/1"}],"replies":[{"embeddable":true,"href":"https:\/\/educane.it\/index.php?rest_route=%2Fwp%2Fv2%2Fcomments&post=968"}],"version-history":[{"count":5,"href":"https:\/\/educane.it\/index.php?rest_route=\/wp\/v2\/pages\/968\/revisions"}],"predecessor-version":[{"id":1037,"href":"https:\/\/educane.it\/index.php?rest_route=\/wp\/v2\/pages\/968\/revisions\/1037"}],"wp:attachment":[{"href":"https:\/\/educane.it\/index.php?rest_route=%2Fwp%2Fv2%2Fmedia&parent=968"}],"curies":[{"name":"wp","href":"https:\/\/api.w.org\/{rel}","templated":true}]}}