{"id":711,"date":"2021-02-13T19:07:45","date_gmt":"2021-02-13T18:07:45","guid":{"rendered":"https:\/\/educane.it\/?page_id=711"},"modified":"2021-05-20T10:18:07","modified_gmt":"2021-05-20T09:18:07","slug":"ud-game","status":"publish","type":"page","link":"https:\/\/educane.it\/?page_id=711","title":{"rendered":"Sport-UD-Game"},"content":{"rendered":"<div class=\"gb-container gb-container-09ffcc9c\"><div class=\"gb-inside-container\">\n\n<h1 class=\"gb-headline gb-headline-8552c530 gb-headline-text\">Ud Game<\/h1>\n\n\n\n<hr class=\"wp-block-separator has-text-color has-background is-style-wide\" style=\"background-color:#b29210;color:#b29210\"\/>\n\n\n\n<figure class=\"wp-block-image alignwide size-large\"><img loading=\"lazy\" width=\"1024\" height=\"683\" src=\"https:\/\/educane.it\/wp-content\/uploads\/2021\/02\/udgame02-1024x683.jpg\" alt=\"\" class=\"wp-image-903\" srcset=\"https:\/\/educane.it\/wp-content\/uploads\/2021\/02\/udgame02-1024x683.jpg 1024w, https:\/\/educane.it\/wp-content\/uploads\/2021\/02\/udgame02-300x200.jpg 300w, https:\/\/educane.it\/wp-content\/uploads\/2021\/02\/udgame02-768x512.jpg 768w, https:\/\/educane.it\/wp-content\/uploads\/2021\/02\/udgame02.jpg 1200w\" sizes=\"(max-width: 1024px) 100vw, 1024px\" \/><\/figure>\n\n<\/div><\/div>\n\n<div class=\"gb-container gb-container-26e7bc17\"><div class=\"gb-inside-container\">\n\n<p class=\"gb-headline gb-headline-7768169e gb-headline-text\">L\u2019UD Game \u00e8 una nuova, divertente e appagante disciplina cinosportiva che propone l&#8217;Utilit\u00e0 e Difesa (UD) in modo ludico, per questo motivo \u00e8 uno sport praticabile da tutte le tipologie di cani, indistintamente dalla razza e\/o taglia. <br><br>L\u2019essenza di questa disciplina deve essere ricercata nel rapporto ludico-sportivo e educativo che coinvolge coloro che vi si dedicano, ponendosi quale obiettivo quello di poter far avvicinare e conoscere un\u2019attivit\u00e0 sportiva che abbia le caratteristiche per far esprimere le doti naturali intrinseche nel cane instaurando un corretto equilibrio relazionale all\u2019interno del binomio e del nucleo familiare e sociale.<br><br>L\u2019approccio addestrativo a tale disciplina deve in primo luogo tener conto della corretta relazione che dovr\u00e0 instaurarsi tra il cane e il proprio conduttore attraverso l\u2019applicazione di metodi NON coercitivi tendenti a esaltare l\u2019interazione e un corretto inquadramento relazionale basato sulla fiducia reciproca.<br>Le prove saranno individuate in tre Classi e si svolgeranno su tre sezioni: Ricerca Olfattiva \u2013 Obbedienza \u2013 Difesa.<br><br>Per partecipare alle prove il cane dovr\u00e0 superare preliminarmente, e con esito positivo, un test di Equilibrio Caratteriale (E.C.) dimostrando di essere un soggetto caratterialmente equilibrato.<\/p>\n\n<\/div><\/div>\n\n<div class=\"gb-container gb-container-a48a2ebe\"><div class=\"gb-inside-container\">\n\n<figure class=\"wp-block-gallery columns-2 is-cropped\"><ul class=\"blocks-gallery-grid\"><li class=\"blocks-gallery-item\"><figure><a href=\"https:\/\/educane.it\/wp-content\/uploads\/2021\/05\/udgame01.png\"><img loading=\"lazy\" width=\"900\" height=\"600\" src=\"https:\/\/educane.it\/wp-content\/uploads\/2021\/05\/udgame01.png\" alt=\"\" data-id=\"1029\" data-full-url=\"https:\/\/educane.it\/wp-content\/uploads\/2021\/05\/udgame01.png\" data-link=\"https:\/\/educane.it\/?attachment_id=1029\" class=\"wp-image-1029\" srcset=\"https:\/\/educane.it\/wp-content\/uploads\/2021\/05\/udgame01.png 900w, https:\/\/educane.it\/wp-content\/uploads\/2021\/05\/udgame01-300x200.png 300w, https:\/\/educane.it\/wp-content\/uploads\/2021\/05\/udgame01-768x512.png 768w\" sizes=\"(max-width: 900px) 100vw, 900px\" \/><\/a><\/figure><\/li><li class=\"blocks-gallery-item\"><figure><a href=\"https:\/\/educane.it\/wp-content\/uploads\/2021\/05\/udgame05.png\"><img loading=\"lazy\" width=\"900\" height=\"600\" src=\"https:\/\/educane.it\/wp-content\/uploads\/2021\/05\/udgame05.png\" alt=\"\" data-id=\"1028\" data-full-url=\"https:\/\/educane.it\/wp-content\/uploads\/2021\/05\/udgame05.png\" data-link=\"https:\/\/educane.it\/?attachment_id=1028\" class=\"wp-image-1028\" srcset=\"https:\/\/educane.it\/wp-content\/uploads\/2021\/05\/udgame05.png 900w, https:\/\/educane.it\/wp-content\/uploads\/2021\/05\/udgame05-300x200.png 300w, https:\/\/educane.it\/wp-content\/uploads\/2021\/05\/udgame05-768x512.png 768w\" sizes=\"(max-width: 900px) 100vw, 900px\" \/><\/a><\/figure><\/li><\/ul><\/figure>\n\n<\/div><\/div>\n\n<div class=\"gb-container gb-container-9fc1cd14\"><div class=\"gb-inside-container\">\n\n<figure class=\"wp-block-gallery columns-2 is-cropped\"><ul class=\"blocks-gallery-grid\"><li class=\"blocks-gallery-item\"><figure><a href=\"https:\/\/educane.it\/wp-content\/uploads\/2021\/05\/udgame04.png\"><img loading=\"lazy\" width=\"900\" height=\"600\" src=\"https:\/\/educane.it\/wp-content\/uploads\/2021\/05\/udgame04.png\" alt=\"\" data-id=\"1027\" data-full-url=\"https:\/\/educane.it\/wp-content\/uploads\/2021\/05\/udgame04.png\" data-link=\"https:\/\/educane.it\/?attachment_id=1027\" class=\"wp-image-1027\" srcset=\"https:\/\/educane.it\/wp-content\/uploads\/2021\/05\/udgame04.png 900w, https:\/\/educane.it\/wp-content\/uploads\/2021\/05\/udgame04-300x200.png 300w, https:\/\/educane.it\/wp-content\/uploads\/2021\/05\/udgame04-768x512.png 768w\" sizes=\"(max-width: 900px) 100vw, 900px\" \/><\/a><\/figure><\/li><li class=\"blocks-gallery-item\"><figure><a href=\"https:\/\/educane.it\/wp-content\/uploads\/2021\/05\/udgame03.png\"><img loading=\"lazy\" width=\"900\" height=\"600\" src=\"https:\/\/educane.it\/wp-content\/uploads\/2021\/05\/udgame03.png\" alt=\"\" data-id=\"1026\" data-full-url=\"https:\/\/educane.it\/wp-content\/uploads\/2021\/05\/udgame03.png\" data-link=\"https:\/\/educane.it\/?attachment_id=1026\" class=\"wp-image-1026\" srcset=\"https:\/\/educane.it\/wp-content\/uploads\/2021\/05\/udgame03.png 900w, https:\/\/educane.it\/wp-content\/uploads\/2021\/05\/udgame03-300x200.png 300w, https:\/\/educane.it\/wp-content\/uploads\/2021\/05\/udgame03-768x512.png 768w\" sizes=\"(max-width: 900px) 100vw, 900px\" \/><\/a><\/figure><\/li><\/ul><\/figure>\n\n<\/div><\/div>","protected":false},"excerpt":{"rendered":"","protected":false},"author":1,"featured_media":0,"parent":0,"menu_order":0,"comment_status":"closed","ping_status":"closed","template":"","meta":{"_generate-full-width-content":"true"},"_links":{"self":[{"href":"https:\/\/educane.it\/index.php?rest_route=\/wp\/v2\/pages\/711"}],"collection":[{"href":"https:\/\/educane.it\/index.php?rest_route=\/wp\/v2\/pages"}],"about":[{"href":"https:\/\/educane.it\/index.php?rest_route=\/wp\/v2\/types\/page"}],"author":[{"embeddable":true,"href":"https:\/\/educane.it\/index.php?rest_route=\/wp\/v2\/users\/1"}],"replies":[{"embeddable":true,"href":"https:\/\/educane.it\/index.php?rest_route=%2Fwp%2Fv2%2Fcomments&post=711"}],"version-history":[{"count":8,"href":"https:\/\/educane.it\/index.php?rest_route=\/wp\/v2\/pages\/711\/revisions"}],"predecessor-version":[{"id":1030,"href":"https:\/\/educane.it\/index.php?rest_route=\/wp\/v2\/pages\/711\/revisions\/1030"}],"wp:attachment":[{"href":"https:\/\/educane.it\/index.php?rest_route=%2Fwp%2Fv2%2Fmedia&parent=711"}],"curies":[{"name":"wp","href":"https:\/\/api.w.org\/{rel}","templated":true}]}}