{"id":709,"date":"2021-02-13T19:07:07","date_gmt":"2021-02-13T18:07:07","guid":{"rendered":"https:\/\/educane.it\/?page_id=709"},"modified":"2021-05-20T10:05:32","modified_gmt":"2021-05-20T09:05:32","slug":"rally-obedience","status":"publish","type":"page","link":"https:\/\/educane.it\/?page_id=709","title":{"rendered":"Sport-Rally-Obedience"},"content":{"rendered":"<div class=\"gb-container gb-container-09ffcc9c\"><div class=\"gb-inside-container\">\n\n<h1 class=\"gb-headline gb-headline-8552c530 gb-headline-text\">Rally-Obedience<\/h1>\n\n\n\n<hr class=\"wp-block-separator has-text-color has-background is-style-wide\" style=\"background-color:#b29210;color:#b29210\"\/>\n\n\n\n<figure class=\"wp-block-image alignwide size-large\"><img loading=\"lazy\" width=\"1024\" height=\"683\" src=\"https:\/\/educane.it\/wp-content\/uploads\/2021\/02\/rally02-1024x683.jpg\" alt=\"\" class=\"wp-image-895\" srcset=\"https:\/\/educane.it\/wp-content\/uploads\/2021\/02\/rally02-1024x683.jpg 1024w, https:\/\/educane.it\/wp-content\/uploads\/2021\/02\/rally02-300x200.jpg 300w, https:\/\/educane.it\/wp-content\/uploads\/2021\/02\/rally02-768x512.jpg 768w, https:\/\/educane.it\/wp-content\/uploads\/2021\/02\/rally02.jpg 1200w\" sizes=\"(max-width: 1024px) 100vw, 1024px\" \/><\/figure>\n\n<\/div><\/div>\n\n<div class=\"gb-container gb-container-26e7bc17\"><div class=\"gb-inside-container\">\n\n<p class=\"gb-headline gb-headline-7768169e gb-headline-text\">La rally obedience \u00e8 una disciplina cinosportiva adatta a tutti i tipi di cane e a tutti i tipi di conduttore . Si tratta di un percorso in cui la &#8220;coppia&#8221; cane-uomo deve affrontare un serie di esercizi di difficolt\u00e0 graduale a secondo del livello di preparazione. <br><br>La rallyobedience \u00e8 anche un divertente modo per perfezionare l&#8217;educazione del cane per migliorare il rapporto, per giocare con lui, conoscere tante persone e fare uno sport a 6 zampe alla portata di tutti: Tutti possono iniziare a praticare la rally perch\u00e8 ha delle regole semplici, livelli di difficolt\u00e0 graduali, praticabile in spazi ridotti e soprattutto per qualsiasi tipo di cane e di conduttori. <br><br>La rally \u00e8 un percorso, contrassegnato da dei cartelli che dovrai seguire, in condotta, con il tuo cane che ti seguir\u00e0 al fianco con o senza guinzaglio. In prossimit\u00e0 di ogni cartello dovrai eseguire un esercizio specifico, indicato sul cartello stesso. La tipologia dell&#8217;esercizio presente sul cartello, varia a secondo del livello di preparazione, partir\u00e0 ovviamente da comandi semplici, come il &#8220;seduto&#8221; o il &#8220;terra&#8221;, per aumentare il grado di difficolt\u00e0 man mano che tu e il tuo cane diventerete sempre pi\u00f9 bravi. <br><br>Si tratta di mettere in pratica quello che normalmente un cane conosce e pratica nella vita di ogni giorno e che ha imparato in qualsiasi corso di educazione di base !<\/p>\n\n<\/div><\/div>\n\n<div class=\"gb-container gb-container-a48a2ebe\"><div class=\"gb-inside-container\">\n\n<figure class=\"wp-block-gallery columns-3 is-cropped\"><ul class=\"blocks-gallery-grid\"><li class=\"blocks-gallery-item\"><figure><a href=\"https:\/\/educane.it\/wp-content\/uploads\/2021\/05\/rally01.png\"><img loading=\"lazy\" width=\"900\" height=\"549\" src=\"https:\/\/educane.it\/wp-content\/uploads\/2021\/05\/rally01.png\" alt=\"\" data-id=\"1015\" data-full-url=\"https:\/\/educane.it\/wp-content\/uploads\/2021\/05\/rally01.png\" data-link=\"https:\/\/educane.it\/?attachment_id=1015\" class=\"wp-image-1015\" srcset=\"https:\/\/educane.it\/wp-content\/uploads\/2021\/05\/rally01.png 900w, https:\/\/educane.it\/wp-content\/uploads\/2021\/05\/rally01-300x183.png 300w, https:\/\/educane.it\/wp-content\/uploads\/2021\/05\/rally01-768x468.png 768w\" sizes=\"(max-width: 900px) 100vw, 900px\" \/><\/a><\/figure><\/li><li class=\"blocks-gallery-item\"><figure><a href=\"https:\/\/educane.it\/wp-content\/uploads\/2021\/05\/rally04.png\"><img loading=\"lazy\" width=\"900\" height=\"600\" src=\"https:\/\/educane.it\/wp-content\/uploads\/2021\/05\/rally04.png\" alt=\"\" data-id=\"1012\" data-full-url=\"https:\/\/educane.it\/wp-content\/uploads\/2021\/05\/rally04.png\" data-link=\"https:\/\/educane.it\/?attachment_id=1012\" class=\"wp-image-1012\" srcset=\"https:\/\/educane.it\/wp-content\/uploads\/2021\/05\/rally04.png 900w, https:\/\/educane.it\/wp-content\/uploads\/2021\/05\/rally04-300x200.png 300w, https:\/\/educane.it\/wp-content\/uploads\/2021\/05\/rally04-768x512.png 768w\" sizes=\"(max-width: 900px) 100vw, 900px\" \/><\/a><\/figure><\/li><li class=\"blocks-gallery-item\"><figure><a href=\"https:\/\/educane.it\/wp-content\/uploads\/2021\/05\/rally03.png\"><img loading=\"lazy\" width=\"900\" height=\"600\" src=\"https:\/\/educane.it\/wp-content\/uploads\/2021\/05\/rally03.png\" alt=\"\" data-id=\"1016\" data-full-url=\"https:\/\/educane.it\/wp-content\/uploads\/2021\/05\/rally03.png\" data-link=\"https:\/\/educane.it\/?attachment_id=1016\" class=\"wp-image-1016\" srcset=\"https:\/\/educane.it\/wp-content\/uploads\/2021\/05\/rally03.png 900w, https:\/\/educane.it\/wp-content\/uploads\/2021\/05\/rally03-300x200.png 300w, https:\/\/educane.it\/wp-content\/uploads\/2021\/05\/rally03-768x512.png 768w\" sizes=\"(max-width: 900px) 100vw, 900px\" \/><\/a><\/figure><\/li><\/ul><\/figure>\n\n<\/div><\/div>\n\n<div class=\"gb-container gb-container-9fc1cd14\"><div class=\"gb-inside-container\">\n\n<figure class=\"wp-block-gallery columns-2 is-cropped\"><ul class=\"blocks-gallery-grid\"><li class=\"blocks-gallery-item\"><figure><a href=\"https:\/\/educane.it\/wp-content\/uploads\/2021\/05\/rally06.png\"><img loading=\"lazy\" width=\"900\" height=\"600\" src=\"https:\/\/educane.it\/wp-content\/uploads\/2021\/05\/rally06.png\" alt=\"\" data-id=\"1014\" data-full-url=\"https:\/\/educane.it\/wp-content\/uploads\/2021\/05\/rally06.png\" data-link=\"https:\/\/educane.it\/?attachment_id=1014\" class=\"wp-image-1014\" srcset=\"https:\/\/educane.it\/wp-content\/uploads\/2021\/05\/rally06.png 900w, https:\/\/educane.it\/wp-content\/uploads\/2021\/05\/rally06-300x200.png 300w, https:\/\/educane.it\/wp-content\/uploads\/2021\/05\/rally06-768x512.png 768w\" sizes=\"(max-width: 900px) 100vw, 900px\" \/><\/a><\/figure><\/li><li class=\"blocks-gallery-item\"><figure><a href=\"https:\/\/educane.it\/wp-content\/uploads\/2021\/05\/rally05.png\"><img loading=\"lazy\" width=\"900\" height=\"600\" src=\"https:\/\/educane.it\/wp-content\/uploads\/2021\/05\/rally05.png\" alt=\"\" data-id=\"1013\" data-full-url=\"https:\/\/educane.it\/wp-content\/uploads\/2021\/05\/rally05.png\" data-link=\"https:\/\/educane.it\/?attachment_id=1013\" class=\"wp-image-1013\" srcset=\"https:\/\/educane.it\/wp-content\/uploads\/2021\/05\/rally05.png 900w, https:\/\/educane.it\/wp-content\/uploads\/2021\/05\/rally05-300x200.png 300w, https:\/\/educane.it\/wp-content\/uploads\/2021\/05\/rally05-768x512.png 768w\" sizes=\"(max-width: 900px) 100vw, 900px\" \/><\/a><\/figure><\/li><\/ul><\/figure>\n\n<\/div><\/div>","protected":false},"excerpt":{"rendered":"","protected":false},"author":1,"featured_media":0,"parent":0,"menu_order":0,"comment_status":"closed","ping_status":"closed","template":"","meta":{"_generate-full-width-content":"true"},"_links":{"self":[{"href":"https:\/\/educane.it\/index.php?rest_route=\/wp\/v2\/pages\/709"}],"collection":[{"href":"https:\/\/educane.it\/index.php?rest_route=\/wp\/v2\/pages"}],"about":[{"href":"https:\/\/educane.it\/index.php?rest_route=\/wp\/v2\/types\/page"}],"author":[{"embeddable":true,"href":"https:\/\/educane.it\/index.php?rest_route=\/wp\/v2\/users\/1"}],"replies":[{"embeddable":true,"href":"https:\/\/educane.it\/index.php?rest_route=%2Fwp%2Fv2%2Fcomments&post=709"}],"version-history":[{"count":10,"href":"https:\/\/educane.it\/index.php?rest_route=\/wp\/v2\/pages\/709\/revisions"}],"predecessor-version":[{"id":1018,"href":"https:\/\/educane.it\/index.php?rest_route=\/wp\/v2\/pages\/709\/revisions\/1018"}],"wp:attachment":[{"href":"https:\/\/educane.it\/index.php?rest_route=%2Fwp%2Fv2%2Fmedia&parent=709"}],"curies":[{"name":"wp","href":"https:\/\/api.w.org\/{rel}","templated":true}]}}