{"id":136,"date":"2020-06-23T04:40:18","date_gmt":"2020-06-23T04:40:18","guid":{"rendered":"https:\/\/gpsites.co\/vacation\/?page_id=136"},"modified":"2021-05-04T15:24:38","modified_gmt":"2021-05-04T14:24:38","slug":"local-guide","status":"publish","type":"page","link":"https:\/\/educane.it\/?page_id=136","title":{"rendered":"Sport-Agility-Dog"},"content":{"rendered":"<div class=\"gb-container gb-container-09ffcc9c\"><div class=\"gb-inside-container\">\n\n<h1 class=\"gb-headline gb-headline-8552c530 gb-headline-text\">Agility Dog<\/h1>\n\n\n\n<hr class=\"wp-block-separator has-text-color has-background is-style-wide\" style=\"background-color:#b29210;color:#b29210\"\/>\n\n\n\n<figure class=\"wp-block-image alignwide size-large\"><img src=\"https:\/\/educane.it\/wp-content\/uploads\/2021\/02\/agility03-1024x680.jpg\" alt=\"\" class=\"wp-image-790\"\/><\/figure>\n\n<\/div><\/div>\n\n<div class=\"gb-container gb-container-26e7bc17\"><div class=\"gb-inside-container\">\n\n<p class=\"gb-headline gb-headline-9b9b8777 gb-headline-text\">L\u2019Agility Dog \u00e8 una disciplina cinosportiva che pu\u00f2 esssere praticata sia a livello ludico che a livello agonistico. E\u2019 adatta a qualsiasi cane purch\u00e8 in buone condizioni fisiche e con una buona motivazione al gioco, all\u2019interazione e al movimento .<br><br>Si tratta di un\u2019attivit\u00e0 che consente di consolidare il legame fra cane e proprietario attraverso momenti di svago, attivit\u00e0 fisica, impegno mentale e divertimento per entrambi.<br>Il binomio (cane-conduttore) dovr\u00e0 cimentarsi in un percorso a ostacoli che dovr\u00e0 essere effettuato entro un tempo base definito, nel minor tempo possibile e commettendo il numero minore di errori.<br><br>Gli ostacoli che il cane dovr\u00e0 imparare ad affrontare sono:<br>Salto in alto, muro, tavolo, passerella, bascula, palizzata, slalom, tunnel rigido, tunnel morbido, pneumatico, salto in lungo;<br>La loro altezza o lunghezza dipende dalla taglia del cane e le differenze determinano la difficolt\u00e0 della prova e quindi la categoria di gara.<br><br>Tuttavia i binomi che vogliono iniziare una qualsiasi attivit\u00e0 sportiva devono in primis avere una buona relazione con il proprietario e conoscere bene gli esercizi base di educazione, per questo prima di intraprendere i percorsi sportivi \u00e8 necessario intraprendere un percorso educativo.<\/p>\n\n<\/div><\/div>\n\n<div class=\"gb-container gb-container-a48a2ebe\"><div class=\"gb-inside-container\">\n\n<figure class=\"wp-block-gallery columns-5 is-cropped\"><ul class=\"blocks-gallery-grid\"><li class=\"blocks-gallery-item\"><figure><a href=\"https:\/\/educane.it\/wp-content\/uploads\/2021\/02\/agility-mini-03.jpg\"><img src=\"https:\/\/educane.it\/wp-content\/uploads\/2021\/02\/agility-mini-03.jpg\" alt=\"\" data-id=\"919\" data-full-url=\"https:\/\/educane.it\/wp-content\/uploads\/2021\/02\/agility-mini-03.jpg\" data-link=\"https:\/\/educane.it\/?attachment_id=919\" class=\"wp-image-919\"\/><\/a><\/figure><\/li><li class=\"blocks-gallery-item\"><figure><a href=\"https:\/\/educane.it\/wp-content\/uploads\/2021\/02\/agility-mini-06.jpg\"><img src=\"https:\/\/educane.it\/wp-content\/uploads\/2021\/02\/agility-mini-06.jpg\" alt=\"\" data-id=\"913\" data-full-url=\"https:\/\/educane.it\/wp-content\/uploads\/2021\/02\/agility-mini-06.jpg\" data-link=\"https:\/\/educane.it\/?attachment_id=913\" class=\"wp-image-913\"\/><\/a><\/figure><\/li><li class=\"blocks-gallery-item\"><figure><a href=\"https:\/\/educane.it\/wp-content\/uploads\/2021\/02\/agility-team.jpg\"><img loading=\"lazy\" width=\"900\" height=\"675\" src=\"https:\/\/educane.it\/wp-content\/uploads\/2021\/02\/agility-team.jpg\" alt=\"\" data-id=\"916\" data-full-url=\"https:\/\/educane.it\/wp-content\/uploads\/2021\/02\/agility-team.jpg\" data-link=\"https:\/\/educane.it\/?attachment_id=916\" class=\"wp-image-916\" srcset=\"https:\/\/educane.it\/wp-content\/uploads\/2021\/02\/agility-team.jpg 900w, https:\/\/educane.it\/wp-content\/uploads\/2021\/02\/agility-team-300x225.jpg 300w, https:\/\/educane.it\/wp-content\/uploads\/2021\/02\/agility-team-768x576.jpg 768w\" sizes=\"(max-width: 900px) 100vw, 900px\" \/><\/a><\/figure><\/li><li class=\"blocks-gallery-item\"><figure><a href=\"https:\/\/educane.it\/wp-content\/uploads\/2021\/02\/agility-mini-01.jpg\"><img loading=\"lazy\" width=\"900\" height=\"598\" src=\"https:\/\/educane.it\/wp-content\/uploads\/2021\/02\/agility-mini-01.jpg\" alt=\"\" data-id=\"931\" data-full-url=\"https:\/\/educane.it\/wp-content\/uploads\/2021\/02\/agility-mini-01.jpg\" data-link=\"https:\/\/educane.it\/?attachment_id=931\" class=\"wp-image-931\" srcset=\"https:\/\/educane.it\/wp-content\/uploads\/2021\/02\/agility-mini-01.jpg 900w, https:\/\/educane.it\/wp-content\/uploads\/2021\/02\/agility-mini-01-300x199.jpg 300w, https:\/\/educane.it\/wp-content\/uploads\/2021\/02\/agility-mini-01-768x510.jpg 768w\" sizes=\"(max-width: 900px) 100vw, 900px\" \/><\/a><\/figure><\/li><li class=\"blocks-gallery-item\"><figure><a href=\"https:\/\/educane.it\/wp-content\/uploads\/2021\/02\/agility-mini-02.jpg\"><img src=\"https:\/\/educane.it\/wp-content\/uploads\/2021\/02\/agility-mini-02.jpg\" alt=\"\" data-id=\"918\" data-full-url=\"https:\/\/educane.it\/wp-content\/uploads\/2021\/02\/agility-mini-02.jpg\" data-link=\"https:\/\/educane.it\/?attachment_id=918\" class=\"wp-image-918\"\/><\/a><\/figure><\/li><\/ul><\/figure>\n\n<\/div><\/div>\n\n<div class=\"gb-container gb-container-9fc1cd14\"><div class=\"gb-inside-container\">\n\n<figure class=\"wp-block-gallery columns-4 is-cropped\"><ul class=\"blocks-gallery-grid\"><li class=\"blocks-gallery-item\"><figure><a href=\"https:\/\/educane.it\/wp-content\/uploads\/2021\/02\/agility-mini-08.jpg\"><img src=\"https:\/\/educane.it\/wp-content\/uploads\/2021\/02\/agility-mini-08.jpg\" alt=\"\" data-id=\"915\" data-full-url=\"https:\/\/educane.it\/wp-content\/uploads\/2021\/02\/agility-mini-08.jpg\" data-link=\"https:\/\/educane.it\/?attachment_id=915\" class=\"wp-image-915\"\/><\/a><\/figure><\/li><li class=\"blocks-gallery-item\"><figure><a href=\"https:\/\/educane.it\/wp-content\/uploads\/2021\/02\/agility-mini-04.jpg\"><img src=\"https:\/\/educane.it\/wp-content\/uploads\/2021\/02\/agility-mini-04.jpg\" alt=\"\" data-id=\"920\" data-full-url=\"https:\/\/educane.it\/wp-content\/uploads\/2021\/02\/agility-mini-04.jpg\" data-link=\"https:\/\/educane.it\/?attachment_id=920\" class=\"wp-image-920\"\/><\/a><\/figure><\/li><li class=\"blocks-gallery-item\"><figure><a href=\"https:\/\/educane.it\/wp-content\/uploads\/2021\/02\/agility-mini-07.jpg\"><img src=\"https:\/\/educane.it\/wp-content\/uploads\/2021\/02\/agility-mini-07.jpg\" alt=\"\" data-id=\"914\" data-full-url=\"https:\/\/educane.it\/wp-content\/uploads\/2021\/02\/agility-mini-07.jpg\" data-link=\"https:\/\/educane.it\/?attachment_id=914\" class=\"wp-image-914\"\/><\/a><\/figure><\/li><li class=\"blocks-gallery-item\"><figure><a href=\"https:\/\/educane.it\/wp-content\/uploads\/2021\/02\/agility-mini-05.jpg\"><img src=\"https:\/\/educane.it\/wp-content\/uploads\/2021\/02\/agility-mini-05.jpg\" alt=\"\" data-id=\"912\" data-full-url=\"https:\/\/educane.it\/wp-content\/uploads\/2021\/02\/agility-mini-05.jpg\" data-link=\"https:\/\/educane.it\/?attachment_id=912\" class=\"wp-image-912\"\/><\/a><\/figure><\/li><\/ul><\/figure>\n\n<\/div><\/div>","protected":false},"excerpt":{"rendered":"","protected":false},"author":1,"featured_media":0,"parent":0,"menu_order":0,"comment_status":"closed","ping_status":"closed","template":"","meta":{"_generate-full-width-content":"true"},"_links":{"self":[{"href":"https:\/\/educane.it\/index.php?rest_route=\/wp\/v2\/pages\/136"}],"collection":[{"href":"https:\/\/educane.it\/index.php?rest_route=\/wp\/v2\/pages"}],"about":[{"href":"https:\/\/educane.it\/index.php?rest_route=\/wp\/v2\/types\/page"}],"author":[{"embeddable":true,"href":"https:\/\/educane.it\/index.php?rest_route=\/wp\/v2\/users\/1"}],"replies":[{"embeddable":true,"href":"https:\/\/educane.it\/index.php?rest_route=%2Fwp%2Fv2%2Fcomments&post=136"}],"version-history":[{"count":13,"href":"https:\/\/educane.it\/index.php?rest_route=\/wp\/v2\/pages\/136\/revisions"}],"predecessor-version":[{"id":977,"href":"https:\/\/educane.it\/index.php?rest_route=\/wp\/v2\/pages\/136\/revisions\/977"}],"wp:attachment":[{"href":"https:\/\/educane.it\/index.php?rest_route=%2Fwp%2Fv2%2Fmedia&parent=136"}],"curies":[{"name":"wp","href":"https:\/\/api.w.org\/{rel}","templated":true}]}}