{"id":1093,"date":"2021-05-29T18:59:46","date_gmt":"2021-05-29T17:59:46","guid":{"rendered":"https:\/\/educane.it\/?page_id=1093"},"modified":"2021-05-29T19:03:25","modified_gmt":"2021-05-29T18:03:25","slug":"termini-e-condizioni-di-utilizzo","status":"publish","type":"page","link":"https:\/\/educane.it\/?page_id=1093","title":{"rendered":"Termini e Condizioni di utilizzo"},"content":{"rendered":"<div class=\"gb-container gb-container-9ff32e30\"><div class=\"gb-inside-container\">\n\n<h2>Termini e Condizioni<\/h2>\n\n\n\n<hr class=\"wp-block-separator\"\/>\n\n\n\n<p><strong>Benvenuti su www.educane.it<\/strong><\/p>\n\n\n\n<p><em>Questo sito web \u00e8 di propriet\u00e0 e gestito da <\/em><\/p>\n\n\n\n<p><em><strong>Societ\u00e0 Sportiva Dilettantistica EducanePark<br>con sede legale in Fiumicino (RM)<br>Via Francesco Rizzitelli, 15 \u2013 00054<br>info@educane.it<\/strong><\/em><\/p>\n\n\n\n<p>I presenti Termini stabiliscono i termini e le condizioni in base ai quali \u00e8 possibile utilizzare il nostro sito Web e i servizi da noi offerti. Questo sito offre ai visitatori una panoramica delle attivit\u00e0 svolte all&#8217;interno del nostro centro cinofilo. Accedendo o utilizzando il sito Web per il nostro servizio, l&#8217;utente accetta di aver letto, compreso e accettato di essere vincolato da questi Termini.<\/p>\n\n\n\n<p>La societ\u00e0 si riserva la facolt\u00e0 di modificare in qualsiasi momento le presenti condizioni generali d\u2019uso riportandole sul sito ed avvisando tutti gli utenti registrati a mezzo email.<\/p>\n\n\n\n<p>Viene escluso ogni diritto del Cliente a un risarcimento danni o indennizzo, nonch\u00e9 qualsiasi responsabilit\u00e0 contrattuale o extracontrattuale per danni diretti o indiretti a persone e\/o cose, provocati dalla mancata accettazione, anche parziale, delle presenti condizioni.<br><\/p>\n\n\n\n<p><strong>Condizioni Generali d\u2019Uso<\/strong><\/p>\n\n\n\n<p><strong>Privacy<\/strong><\/p>\n\n\n\n<p class=\"has-text-align-left has-black-color has-text-color\">Ti invitiamo a consultare la nostra <a rel=\"noreferrer noopener\" href=\"https:\/\/www.iubenda.com\/privacy-policy\/64598259\" target=\"_blank\">Informativa sulla Privacy<\/a> e le nostre <a rel=\"noreferrer noopener\" href=\"https:\/\/www.iubenda.com\/privacy-policy\/64598259\/cookie-policy\" target=\"_blank\">Politiche sui Cookies<\/a> e Pubblicit\u00e0 Internet che disciplinano il tuo utilizzo dei Servizi di Educane.it, per comprendere le nostre prassi.<\/p>\n\n\n\n<p><strong>Comunicazioni Elettroniche<\/strong><\/p>\n\n\n\n<p>Quando utilizzi i Servizi di Educane.it o ci invii e-mail, comunichi con noi in forma elettronica. Comunicheremo con te tramite e-mail o pubblicando avvisi sul sito. Fatte salve le specifiche disposizioni di legge di carattere imperativo, per le finalit\u00e0 del presente contratto, accetti di ricevere da parte nostra comunicazioni in forma elettronica e riconosci che tutti i contratti, le notifiche, le informative e le altre comunicazioni che ti forniamo in forma elettronica soddisfano il requisito della forma scritta, quando previsto dalla legge.<\/p>\n\n\n\n<p><strong>Diritto d\u2019Autore e Diritti su Banche Dati<\/strong><\/p>\n\n\n\n<p>Tutti i contenuti presenti o resi disponibili attraverso i Servizi di Educane.it sotto forma di testi, grafiche, loghi, pulsanti di icone, immagini, file audio, download digitali, raccolte di dati e software, sono di propriet\u00e0 di Educane.it o dei suoi fornitori di contenuti e sono protetti dalle leggi in materia di diritto d\u2019autore e diritti sulle banche dati. L\u2019elenco di tutti i contenuti presenti o resi disponibili attraverso i Servizi di Educane.it \u00e8 di esclusiva propriet\u00e0 di Educane.it ed \u00e8 protetta dalle leggi in materia di diritto d\u2019autore e di diritti sulle banche dati.<\/p>\n\n\n\n<p>Non \u00e8 consentito estrarre e\/o riutilizzare sistematicamente parti dei Servizi di Educane.it senza l\u2019espresso consenso scritto di Educane.it. In particolare, non \u00e8 consentito utilizzare data mining, robot o simili dispositivi di acquisizione o estrazione per estrarre (una o pi\u00f9 volte) per riutilizzare qualsiasi parte sostanziale di qualsiasi Servizi di Educane.it, senza il nostro espresso consenso scritto. Non potrai neppure creare e\/o pubblicare un tuo database che riproduca parti sostanziali dei Servizi di Educane.it senza l\u2019espresso consenso scritto di Educane.it.<\/p>\n\n\n\n<p><strong>Marchi<\/strong><\/p>\n\n\n\n<p>Il materiale grafico, i loghi, le intestazioni di pagina, i pulsanti delle icone, i caratteri ed i marchi di servizio inclusi o messi a disposizione attraverso uno qualsiasi dei Servizi di Educane.it sono marchi o segni distintivi di Educane.it. I marchi e i segni distintivi di Educane.it non possono essere utilizzati in relazione a prodotti o servizi che non siano di Educane.it, in modo tale da generare confusione tra la clientela o in qualsiasi modo che possa denigrare o screditare Educane.it. Tutti gli altri marchi non di propriet\u00e0 di Educane.it che compaiono su uno qualsiasi dei Servizi Educane.it sono di propriet\u00e0 dei rispettivi titolari, che possono essere o meno collegati o connessi a Educane.it.<\/p>\n\n\n\n<p><strong>Licenza Per l\u2019Accesso ai Servizi Educane.it<\/strong><\/p>\n\n\n\n<p>A condizione che tu rispetti le presenti Condizioni Generali d\u2019Uso, i Termini del Servizio, e che tu provveda al pagamento di qualsiasi tariffa applicabile, Educane.it ti concede una licenza limitata, non esclusiva, non trasferibile e non sublicenziabile per accedere ai Servizi Educane.it e farne un uso personale e non commerciale. Questa licenza non include alcun diritto di rivendita o uso commerciale di ciascun Servizio Educane.it o dei suoi contenuti, n\u00e9 il diritto di raccogliere e utilizzare liste, descrizioni o prezzi di prodotti, fare un uso derivato dei Servizi Educane.it o dei loro contenuti, effettuare qualsiasi tipo di download o copia di informazioni dell\u2019account a vantaggio di altri o utilizzare data mining, robots o simili dispositivi di acquisizione e estrazione dati. Tutti i diritti non espressamente conferiti dalle presenti Condizioni Generali d\u2019Uso o dai Termini del Servizio restano in capo a Educane.it o ai suoi fornitori, editori, titolari o altri fornitori di servizi.<\/p>\n\n\n\n<p>Non \u00e8 possibile riprodurre, duplicare, copiare, vendere, rivendere, visitare o in ogni altro modo utilizzare per qualsiasi uso commerciale i Servizi Educane.it in tutto o in parte senza il nostro espresso consenso scritto. Non \u00e8 possibile procedere al framing o utilizzare tecniche di framing per appropriarsi indebitamente di qualsiasi marchio, logo o altra informazione proprietaria (inclusi immagini, testo, impostazioni di pagina, o formato) di Educane.it in assenza di un espresso consenso scritto da parte nostra. Non \u00e8 possibile utilizzare alcun meta tag o ogni altro \u201ctesto nascosto\u201d usando il nome o i marchi di Educane.it senza l\u2019espresso consenso scritto da parte nostra. Non devi utilizzare in maniera impropria i Servizi Educane.it. Potrai utilizzare i Servizi Educane.it esclusivamente nei limiti previsti dalla legge. La violazione delle presenti Condizioni Generali d\u2019Uso o dei Termini del Servizio comporter\u00e0 la revoca dell\u2019autorizzazione o della licenza rilasciata da Educane.it.<\/p>\n\n\n\n<p><strong>Il Tuo Account<\/strong><\/p>\n\n\n\n<p>Se usi i Servizi Educane.it, sei tenuto a mantenere riservati il tuo account e la tua password e a controllare l\u2019accesso al tuo computer, e accetti, nei limiti consentiti dalle disposizioni di legge applicabili, di essere ritenuto responsabile di tutte le attivit\u00e0 che verranno effettuate con il tuo account e la tua password. Ti impegni a prendere tutte le precauzioni necessarie per garantire che la tua password rimanga sicura e riservata e ti impegni a informarci immediatamente nel caso tu abbia motivo di credere che qualunque soggetto terzo sia a conoscenza della tua password, o nel caso in cui la tua password sia, o presumibilmente stia per essere, utilizzata in modo non autorizzato. Sei tenuto ad assicurarti che i dati che ci fornisci siano corretti e completi e a comunicarci immediatamente ogni cambiamento delle informazioni che ci hai fornito. Potrai accedere e aggiornare la maggior parte delle informazioni fornite nella sezione \u201cIl mio Account\u201d del sito.<\/p>\n\n\n\n<p>Non dovrai usare i Servizi Educane.it: (1) in modo tale da causare, o da poter causare, interruzioni, danni o malfunzionamenti ai Servizi Educane.it e alle sue funzionalit\u00e0, o (2) per fini fraudolenti, o comunque per commettere attivit\u00e0 illecite, o (3) per arrecare disturbo, pregiudizio o apprensione.<\/p>\n\n\n\n<p>Ci riserviamo il diritto di impedire l\u2019accesso al sito e\/o ai Servizi Educane.it, di sospendere o chiudere un account, di rimuovere o modificare i contenuti del sito a nostra discrezione, in caso di violazione delle disposizioni di legge applicabili, delle presenti Condizioni Generali d\u2019Uso o delle linee guida o delle politiche applicabili.<\/p>\n\n\n\n<p><strong>Recensioni, Commenti, Comunicazioni e Altri Contenuti<\/strong><\/p>\n\n\n\n<p>E\u2019 consentito pubblicare recensioni, commenti e altri contenuti, inviare cartoline elettroniche e altre comunicazioni e sottoporre suggerimenti, idee, commenti, domande o altre informazioni, purch\u00e9 il contenuto non sia illecito (ovvero osceno, abusivo, intimidatorio, diffamatorio, non violi la privacy, i diritti di propriet\u00e0 intellettuale o non sia in altro modo offensivo verso Educane.it e\/o terzi o deplorevole e non sia o comunque non contenga virus, propaganda politica, sollecitazione commerciale, catena di Sant\u2019Antonio, e-mail di massa o qualunque altra forma di spamming). Non potrai utilizzare un indirizzo di posta elettronica falso, fingere di essere un\u2019altra persona o soggetto o in altro modo mentire in merito all\u2019origine di una cartolina o di altro contenuto. Ci riserviamo il diritto di rimuovere o modificare tale contenuto. Se ritieni che un contenuto pubblicato sul sito o utilizzato nell\u2019ambito dei Servizi Educane.it contenga una dichiarazione diffamatoria o che un tuo diritto di propriet\u00e0 intellettuale sia stato violato da un articolo o da informazioni presenti sul sito o utilizzati nell\u2019ambito dei Servizi Educane.it, ti invitiamo a contattarci a info@educnae.it e provvederemo sollecitamente.<\/p>\n\n\n\n<p>Se decidi di inviare contenuti o materiali, autorizzi espressamente Educane.it a pubblicare sul sito tali contenuti e materiali, nonch\u00e9 il nome da te utilizzato in relazione ad essi, e ad adattarne il formato, nella misura necessaria a renderli accessibili al pubblico attraverso Internet. Non acquistiamo la propriet\u00e0 dei materiali ricevuti e non abbiamo alcun obbligo di monitorare i contenuti trasmessi o ospitati sul sito, abbiamo unicamente il dovere di rimuovere contenuti illeciti, nei limiti previsti dalla legge. Accetti che i suddetti diritti a noi concessi siano irrevocabili per l\u2019intera durata dei tuoi diritti di propriet\u00e0 intellettuale associati a tali contenuti e materiali. Acconsenti a porre in essere tutte le ulteriori attivit\u00e0 necessarie per perfezionare ognuno dei diritti di cui sopra da te concessi a Educane.it, inclusa la sottoscrizione di atti e documenti, a nostra richiesta.<\/p>\n\n\n\n<p><strong>La Nostra Responsabilit\u00e0<\/strong><\/p>\n\n\n\n<p>Faremo del nostro meglio per assicurare che l\u2019accesso ai Servizi Educane.it sia fornito senza interruzioni e che le trasmissioni avvengano senza errori. Tuttavia, a causa della natura di Internet, l\u2019accesso ininterrotto e l\u2019assenza di errori nella trasmissione non possono essere garantiti. Inoltre, il tuo accesso ai Servizi Educane.it potrebbe anche essere occasionalmente sospeso o limitato per consentire l\u2019effettuazione di lavori di riparazione, manutenzione, o l\u2019introduzione di nuove attivit\u00e0 o servizi. Tenteremo di limitare la frequenza e la durata di queste sospensioni e limitazioni.<\/p>\n\n\n\n<p>Educane.it non sar\u00e0 responsabile per (1) perdite che non siano conseguenza della nostra violazione delle presenti condizioni generali o (2) qualsiasi altra perdita indiretta o conseguente che non fosse stata ragionevolmente prevedibile, sia da te che da noi, nel momento in cui hai iniziato ad utilizzare i Servizi Educane.it.<\/p>\n\n\n\n<p>Non saremo responsabili per qualsiasi ritardo o inadempimento agli obblighi previsti dalle presenti condizioni generali qualora il ritardo o l\u2019inadempimento derivino da caso fortuito o da cause di forza maggiore. <\/p>\n\n\n\n<p><strong>Modifiche Del Servizio o Variazione delle Condizioni<\/strong><\/p>\n\n\n\n<p>Ci riserviamo il diritto di modificare i Servizi Educane.it, le politiche, le presenti Condizioni Generali d\u2019Uso e i Termini del Servizio in qualsiasi momento per offrire nuovi prodotti o servizi o per adeguarci a disposizioni di legge e regolamentari. Sarai soggetto alle politiche e ai termini delle Condizioni Generali d\u2019Uso di volta in volta vigenti nel momento in cui utilizzi i Servizi Educane.it. Qualora una qualsiasi previsione delle presenti condizioni fosse ritenuta invalida, nulla o per qualunque motivo inapplicabile, tale condizione non pregiudicher\u00e0 comunque la validit\u00e0 e l\u2019efficacia delle altre previsioni.<\/p>\n\n\n\n<p><strong>Rinuncia<\/strong><\/p>\n\n\n\n<p>In caso di inadempimento da parte tua alle presenti Condizioni Generali d\u2019Uso, il mancato esercizio da parte nostra del diritto di agire nei tuoi confronti, non rappresenta una nostra rinuncia ad agire per la violazione degli obblighi da te assunti.<\/p>\n\n<\/div><\/div>","protected":false},"excerpt":{"rendered":"","protected":false},"author":1,"featured_media":0,"parent":0,"menu_order":0,"comment_status":"closed","ping_status":"closed","template":"","meta":{"_generate-full-width-content":"true"},"_links":{"self":[{"href":"https:\/\/educane.it\/index.php?rest_route=\/wp\/v2\/pages\/1093"}],"collection":[{"href":"https:\/\/educane.it\/index.php?rest_route=\/wp\/v2\/pages"}],"about":[{"href":"https:\/\/educane.it\/index.php?rest_route=\/wp\/v2\/types\/page"}],"author":[{"embeddable":true,"href":"https:\/\/educane.it\/index.php?rest_route=\/wp\/v2\/users\/1"}],"replies":[{"embeddable":true,"href":"https:\/\/educane.it\/index.php?rest_route=%2Fwp%2Fv2%2Fcomments&post=1093"}],"version-history":[{"count":10,"href":"https:\/\/educane.it\/index.php?rest_route=\/wp\/v2\/pages\/1093\/revisions"}],"predecessor-version":[{"id":1104,"href":"https:\/\/educane.it\/index.php?rest_route=\/wp\/v2\/pages\/1093\/revisions\/1104"}],"wp:attachment":[{"href":"https:\/\/educane.it\/index.php?rest_route=%2Fwp%2Fv2%2Fmedia&parent=1093"}],"curies":[{"name":"wp","href":"https:\/\/api.w.org\/{rel}","templated":true}]}}